{"id":24,"date":"2016-01-29T10:24:10","date_gmt":"2016-01-29T10:24:10","guid":{"rendered":"https:\/\/the7.io\/beauty-studio\/?page_id=24"},"modified":"2020-06-07T12:05:53","modified_gmt":"2020-06-07T10:05:53","slug":"innovacion-2","status":"publish","type":"page","link":"https:\/\/intelman.eu\/?page_id=24","title":{"rendered":"Innovacion"},"content":{"rendered":"<section class=\"wpb-content-wrapper\"><p>[vc_row][vc_column]<div class=\"ult-spacer spacer-69f74d38c5df0\" data-id=\"69f74d38c5df0\" data-height=\"50\" data-height-mobile=\"50\" data-height-tab=\"50\" data-height-tab-portrait=\"\" data-height-mobile-landscape=\"\" style=\"clear:both;display:block;\"><\/div>[\/vc_column][vc_column width=\u00bb1\/3&#8243;][vc_custom_heading text=\u00bbAlcanzar nuevos retos para estar a la cabeza de la vanguardia tecnol\u00f3gica.\u00bb font_container=\u00bbtag:h5|font_size:32|text_align:left|color:%23052b4c|line_height:1&#8243; google_fonts=\u00bbfont_family:Roboto%3A100%2C100italic%2C300%2C300italic%2Cregular%2Citalic%2C500%2C500italic%2C700%2C700italic%2C900%2C900italic|font_style:100%20light%20italic%3A100%3Aitalic\u00bb]<div class=\"ult-spacer spacer-69f74d38c5e08\" data-id=\"69f74d38c5e08\" data-height=\"20\" data-height-mobile=\"20\" data-height-tab=\"20\" data-height-tab-portrait=\"\" data-height-mobile-landscape=\"\" style=\"clear:both;display:block;\"><\/div>[\/vc_column][vc_column width=\u00bb2\/3&#8243;][vc_column_text]<\/p>\n<h5 id=\"tw-target-text\" class=\"tw-data-text tw-text-large tw-ta\" dir=\"ltr\" data-placeholder=\"Traducci\u00f3n\"><em><span lang=\"es\">En la constante b\u00fasqueda de la excelencia, reconocemos los requisitos cambiantes del mercado por adelantado y desarrollamos soluciones innovadoras basadas en nuestra amplia experiencia. Mediante el uso de procesos digitalizados y en red, aumentamos la eficiencia y confiabilidad de nuestros sistemas de producci\u00f3n y automatizaci\u00f3n y garantizamos la m\u00e1s alta calidad y disponibilidad. Gracias a nuestro continuo desarrollo de nuevas tecnolog\u00edas, ofrecemos a nuestros clientes las m\u00e1quinas y soluciones de sistemas m\u00e1s recientes y productivas en todo momento.<\/span><\/em><\/h5>\n<p>[\/vc_column_text][\/vc_column][\/vc_row][vc_row][vc_column]<div class=\"ult-spacer spacer-69f74d38c5e16\" data-id=\"69f74d38c5e16\" data-height=\"60\" data-height-mobile=\"60\" data-height-tab=\"60\" data-height-tab-portrait=\"\" data-height-mobile-landscape=\"\" style=\"clear:both;display:block;\"><\/div>[\/vc_column][\/vc_row][vc_row type=\u00bbvc_default\u00bb equal_height=\u00bbyes\u00bb content_placement=\u00bbmiddle\u00bb margin_top=\u00bb10&#8243; margin_bottom=\u00bb25&#8243; bg_type=\u00bbbg_color\u00bb bg_override=\u00bbfull\u00bb css=\u00bb.vc_custom_1591524048133{padding-top: 70px !important;padding-bottom: 20px !important;}\u00bb bg_color_value=\u00bb#f5f5f5&#8243;][vc_column width=\u00bb2\/3&#8243; css=\u00bb.vc_custom_1498750429084{padding-bottom: 50px !important;}\u00bb offset=\u00bbvc_col-lg-offset-0 vc_col-lg-6 vc_col-md-offset-0 vc_col-md-6 vc_col-sm-offset-2 vc_col-xs-12&#8243;]<style type=\"text\/css\" data-type=\"the7_shortcodes-inline-css\">.shortcode-single-image-wrap.shortcode-single-image-a5c872c0863e6001d7cc57609d2d3112.enable-bg-rollover .rollover i,\n.shortcode-single-image-wrap.shortcode-single-image-a5c872c0863e6001d7cc57609d2d3112.enable-bg-rollover .rollover-video i {\n  background: -webkit-linear-gradient();\n  background: linear-gradient();\n}\n.shortcode-single-image-wrap.shortcode-single-image-a5c872c0863e6001d7cc57609d2d3112 .rollover-icon {\n  font-size: 32px;\n  color: #ffffff;\n  min-width: 44px;\n  min-height: 44px;\n  line-height: 44px;\n  border-radius: 100px;\n  border-style: solid;\n  border-width: 0px;\n}\n.dt-icon-bg-on.shortcode-single-image-wrap.shortcode-single-image-a5c872c0863e6001d7cc57609d2d3112 .rollover-icon {\n  background: rgba(255,255,255,0.3);\n  box-shadow: none;\n}<\/style><div class=\"shortcode-single-image-wrap shortcode-single-image-a5c872c0863e6001d7cc57609d2d3112 alignnone  enable-bg-rollover dt-icon-bg-off\" style=\"margin-top:0px; margin-bottom:0px; margin-left:0px; margin-right:0px; width:800px;\"><div class=\"shortcode-single-image\"><div class=\"fancy-media-wrap  layzr-bg\" style=\"\"><img fetchpriority=\"high\" decoding=\"async\" class=\"preload-me lazy-load aspect\" src=\"data:image\/svg+xml,%3Csvg%20xmlns%3D&#39;http%3A%2F%2Fwww.w3.org%2F2000%2Fsvg&#39;%20viewBox%3D&#39;0%200%20800%20800&#39;%2F%3E\" data-src=\"https:\/\/intelman.eu\/wp-content\/uploads\/2016\/01\/s027-800x800.jpg\" data-srcset=\"https:\/\/intelman.eu\/wp-content\/uploads\/2016\/01\/s027-800x800.jpg 800w\" loading=\"eager\" sizes=\"(max-width: 800px) 100vw, 800px\" width=\"800\" height=\"800\"  data-dt-location=\"https:\/\/intelman.eu\/?attachment_id=1794\" style=\"--ratio: 800 \/ 800;\" alt=\"\" \/><\/div><\/div><\/div>[\/vc_column][vc_column width=\u00bb2\/3&#8243; css=\u00bb.vc_custom_1498750488327{padding-bottom: 50px !important;}\u00bb offset=\u00bbvc_col-lg-offset-0 vc_col-lg-6 vc_col-md-offset-0 vc_col-md-6 vc_col-sm-offset-2 vc_col-xs-12&#8243;]<div id=\"ultimate-heading-190969f74d38c6887\" class=\"uvc-heading ult-adjust-bottom-margin ultimate-heading-190969f74d38c6887 uvc-6436 color-title accent-title-color\" data-hspacer=\"no_spacer\"  data-halign=\"left\" style=\"text-align:left\"><div class=\"uvc-heading-spacer no_spacer\" style=\"top\"><\/div><div class=\"uvc-main-heading ult-responsive\"  data-ultimate-target='.uvc-heading.ultimate-heading-190969f74d38c6887 h2'  data-responsive-json-new='{\"font-size\":\"desktop:20px;\",\"line-height\":\"desktop:26px;\"}' ><h2 style=\"font-weight:bold;margin-bottom:5px;\">During September 2017<\/h2><\/div><div class=\"uvc-sub-heading ult-responsive\"  data-ultimate-target='.uvc-heading.ultimate-heading-190969f74d38c6887 .uvc-sub-heading '  data-responsive-json-new='{\"font-size\":\"desktop:34px;\",\"line-height\":\"desktop:40px;\"}'  style=\"font-family:&#039;Open Sans Condensed&#039;;font-weight:700;margin-bottom:20px;\">20% OFF FOR ALL ACCOUNTING SERVICES<\/div><\/div>[vc_column_text css=\u00bb.vc_custom_1498750238866{padding-bottom: 20px !important;}\u00bb]Cum sociis natoque penatibus et magnis dis parturient montes, nascetur ridiculus mus. Etiam dui libero, tempor quis congue in, interdum eget tortor.<\/p>\n<p>Phasellus rhoncus ante sollicitudin nisl consectetur ultricies. Sed rhoncus ullamcorper mauris, ac condimentum metus egestas ut. Nam et urna ante, vitae pretium lacus.[\/vc_column_text]<div class=\"standard-number-list bullet-top\"><ul>\n<li>Nam tempor diam elit<\/li>\n<li>Aenean tempor tincidunt odio a vehicula<\/li>\n<li>Curabitur vel lorem in velit<\/li>\n<li>Dolor tempor diam elit<\/li>\n<\/ul>\n<\/div><style type=\"text\/css\" data-type=\"the7_shortcodes-inline-css\">#default-btn-fc8440687703a0e696c0b5aeb083ab7c.ico-right-side > i {\n  margin-right: 0px;\n  margin-left: 8px;\n}\n#default-btn-fc8440687703a0e696c0b5aeb083ab7c > i {\n  margin-right: 8px;\n}<\/style><a href=\"\/corporate\/contact\/\" class=\"default-btn-shortcode dt-btn dt-btn-m link-hover-off btn-inline-left  vc_custom_1498750265234\" id=\"default-btn-fc8440687703a0e696c0b5aeb083ab7c\"><span>CONTACT US NOW!<\/span><\/a>[\/vc_column][\/vc_row][vc_row type=\u00bbvc_default\u00bb equal_height=\u00bbyes\u00bb content_placement=\u00bbmiddle\u00bb margin_top=\u00bb10&#8243; margin_bottom=\u00bb25&#8243; css=\u00bb.vc_custom_1591524028392{padding-top: 70px !important;padding-bottom: 20px !important;}\u00bb][vc_column width=\u00bb2\/3&#8243; css=\u00bb.vc_custom_1498750429084{padding-bottom: 50px !important;}\u00bb offset=\u00bbvc_col-lg-offset-0 vc_col-lg-6 vc_col-md-offset-0 vc_col-md-6 vc_col-sm-offset-2 vc_col-xs-12&#8243;]<style type=\"text\/css\" data-type=\"the7_shortcodes-inline-css\">.shortcode-single-image-wrap.shortcode-single-image-70c29ef23dc23f1fbf1213b08555d0af.enable-bg-rollover .rollover i,\n.shortcode-single-image-wrap.shortcode-single-image-70c29ef23dc23f1fbf1213b08555d0af.enable-bg-rollover .rollover-video i {\n  background: -webkit-linear-gradient();\n  background: linear-gradient();\n}\n.shortcode-single-image-wrap.shortcode-single-image-70c29ef23dc23f1fbf1213b08555d0af .rollover-icon {\n  font-size: 32px;\n  color: #ffffff;\n  min-width: 44px;\n  min-height: 44px;\n  line-height: 44px;\n  border-radius: 100px;\n  border-style: solid;\n  border-width: 0px;\n}\n.dt-icon-bg-on.shortcode-single-image-wrap.shortcode-single-image-70c29ef23dc23f1fbf1213b08555d0af .rollover-icon {\n  background: rgba(255,255,255,0.3);\n  box-shadow: none;\n}<\/style><div class=\"shortcode-single-image-wrap shortcode-single-image-70c29ef23dc23f1fbf1213b08555d0af alignnone  enable-bg-rollover dt-icon-bg-off\" style=\"margin-top:0px; margin-bottom:0px; margin-left:0px; margin-right:0px; width:800px;\"><div class=\"shortcode-single-image\"><div class=\"fancy-media-wrap  layzr-bg\" style=\"\"><img decoding=\"async\" class=\"preload-me lazy-load aspect\" src=\"data:image\/svg+xml,%3Csvg%20xmlns%3D&#39;http%3A%2F%2Fwww.w3.org%2F2000%2Fsvg&#39;%20viewBox%3D&#39;0%200%20800%20800&#39;%2F%3E\" data-src=\"https:\/\/intelman.eu\/wp-content\/uploads\/2018\/07\/s000-800x800.jpg\" data-srcset=\"https:\/\/intelman.eu\/wp-content\/uploads\/2018\/07\/s000-800x800.jpg 800w\" loading=\"eager\" sizes=\"(max-width: 800px) 100vw, 800px\" width=\"800\" height=\"800\"  data-dt-location=\"https:\/\/intelman.eu\/?attachment_id=1784\" style=\"--ratio: 800 \/ 800;\" alt=\"\" \/><\/div><\/div><\/div>[\/vc_column][vc_column width=\u00bb2\/3&#8243; css=\u00bb.vc_custom_1498750488327{padding-bottom: 50px !important;}\u00bb offset=\u00bbvc_col-lg-offset-0 vc_col-lg-6 vc_col-md-offset-0 vc_col-md-6 vc_col-sm-offset-2 vc_col-xs-12&#8243;]<div id=\"ultimate-heading-184769f74d38c72b5\" class=\"uvc-heading ult-adjust-bottom-margin ultimate-heading-184769f74d38c72b5 uvc-948 color-title accent-title-color\" data-hspacer=\"no_spacer\"  data-halign=\"left\" style=\"text-align:left\"><div class=\"uvc-heading-spacer no_spacer\" style=\"top\"><\/div><div class=\"uvc-main-heading ult-responsive\"  data-ultimate-target='.uvc-heading.ultimate-heading-184769f74d38c72b5 h2'  data-responsive-json-new='{\"font-size\":\"desktop:20px;\",\"line-height\":\"desktop:26px;\"}' ><h2 style=\"font-weight:bold;margin-bottom:5px;\">May 10 - August 15 2017<\/h2><\/div><div class=\"uvc-sub-heading ult-responsive\"  data-ultimate-target='.uvc-heading.ultimate-heading-184769f74d38c72b5 .uvc-sub-heading '  data-responsive-json-new='{\"font-size\":\"desktop:34px;\",\"line-height\":\"desktop:40px;\"}'  style=\"font-family:&#039;Open Sans Condensed&#039;;font-weight:700;margin-bottom:20px;\">50% OFF FOR INTERNATIONAL INVESTMENT SERVICES<\/div><\/div>[vc_column_text css=\u00bb.vc_custom_1498753164928{padding-bottom: 20px !important;}\u00bb]Tristique senectus et netus et malesuada fames ac turpis egestas ulla! Class aptent taciti sociosqu ad litora torquent per conubia nostra, per inceptos himenaeos. Suspendisse ut libero augue.<\/p>\n<p>Maecenas feugiat, nulla eget maximus elementum, odio augue placerat est, nec semper nisl erat ac ex el convallis ligula commodo ac. Aenean congue. Nunc eu tellus pellentesque!<\/p>\n<p>Tristique senectus et netus et malesuada fames ac turpis egestas ulla![\/vc_column_text]<div class=\"standard-number-list bullet-top\"><ul>\n<li>Nam tempor diam elit dolor from amet<\/li>\n<li>Aenean tempor tincidunt odio a vehicula<\/li>\n<li>Dolor tempor diam elit<\/li>\n<\/ul>\n<\/div><style type=\"text\/css\" data-type=\"the7_shortcodes-inline-css\">#default-btn-fc8440687703a0e696c0b5aeb083ab7c.ico-right-side > i {\n  margin-right: 0px;\n  margin-left: 8px;\n}\n#default-btn-fc8440687703a0e696c0b5aeb083ab7c > i {\n  margin-right: 8px;\n}<\/style><a href=\"\/corporate\/contact\/\" class=\"default-btn-shortcode dt-btn dt-btn-m link-hover-off btn-inline-left  vc_custom_1498750265234\" id=\"default-btn-fc8440687703a0e696c0b5aeb083ab7c\"><span>CONTACT US NOW!<\/span><\/a>[\/vc_column][\/vc_row][vc_row type=\u00bbvc_default\u00bb equal_height=\u00bbyes\u00bb content_placement=\u00bbmiddle\u00bb margin_top=\u00bb10&#8243; margin_bottom=\u00bb25&#8243; bg_type=\u00bbbg_color\u00bb bg_override=\u00bbfull\u00bb css=\u00bb.vc_custom_1591524066615{padding-top: 70px !important;padding-bottom: 20px !important;}\u00bb bg_color_value=\u00bb#f5f5f5&#8243;][vc_column width=\u00bb2\/3&#8243; css=\u00bb.vc_custom_1498750429084{padding-bottom: 50px !important;}\u00bb offset=\u00bbvc_col-lg-offset-0 vc_col-lg-6 vc_col-md-offset-0 vc_col-md-6 vc_col-sm-offset-2 vc_col-xs-12&#8243;]<style type=\"text\/css\" data-type=\"the7_shortcodes-inline-css\">.shortcode-single-image-wrap.shortcode-single-image-1a1055c8531ed40ab08fb4861854992e.enable-bg-rollover .rollover i,\n.shortcode-single-image-wrap.shortcode-single-image-1a1055c8531ed40ab08fb4861854992e.enable-bg-rollover .rollover-video i {\n  background: -webkit-linear-gradient();\n  background: linear-gradient();\n}\n.shortcode-single-image-wrap.shortcode-single-image-1a1055c8531ed40ab08fb4861854992e .rollover-icon {\n  font-size: 32px;\n  color: #ffffff;\n  min-width: 44px;\n  min-height: 44px;\n  line-height: 44px;\n  border-radius: 100px;\n  border-style: solid;\n  border-width: 0px;\n}\n.dt-icon-bg-on.shortcode-single-image-wrap.shortcode-single-image-1a1055c8531ed40ab08fb4861854992e .rollover-icon {\n  background: rgba(255,255,255,0.3);\n  box-shadow: none;\n}<\/style><div class=\"shortcode-single-image-wrap shortcode-single-image-1a1055c8531ed40ab08fb4861854992e alignnone  enable-bg-rollover dt-icon-bg-off\" style=\"margin-top:0px; margin-bottom:0px; margin-left:0px; margin-right:0px; width:800px;\"><div class=\"shortcode-single-image\"><div class=\"fancy-media-wrap  layzr-bg\" style=\"\"><img decoding=\"async\" class=\"preload-me lazy-load aspect\" src=\"data:image\/svg+xml,%3Csvg%20xmlns%3D&#39;http%3A%2F%2Fwww.w3.org%2F2000%2Fsvg&#39;%20viewBox%3D&#39;0%200%20800%20800&#39;%2F%3E\" data-src=\"https:\/\/intelman.eu\/wp-content\/uploads\/2018\/07\/s001-800x800.jpg\" data-srcset=\"https:\/\/intelman.eu\/wp-content\/uploads\/2018\/07\/s001-800x800.jpg 800w\" loading=\"eager\" sizes=\"(max-width: 800px) 100vw, 800px\" width=\"800\" height=\"800\"  data-dt-location=\"https:\/\/intelman.eu\/?attachment_id=1766\" style=\"--ratio: 800 \/ 800;\" alt=\"\" \/><\/div><\/div><\/div>[\/vc_column][vc_column width=\u00bb2\/3&#8243; css=\u00bb.vc_custom_1498750488327{padding-bottom: 50px !important;}\u00bb offset=\u00bbvc_col-lg-offset-0 vc_col-lg-6 vc_col-md-offset-0 vc_col-md-6 vc_col-sm-offset-2 vc_col-xs-12&#8243;]<div id=\"ultimate-heading-440969f74d38c7af2\" class=\"uvc-heading ult-adjust-bottom-margin ultimate-heading-440969f74d38c7af2 uvc-1870 color-title accent-title-color\" data-hspacer=\"no_spacer\"  data-halign=\"left\" style=\"text-align:left\"><div class=\"uvc-heading-spacer no_spacer\" style=\"top\"><\/div><div class=\"uvc-main-heading ult-responsive\"  data-ultimate-target='.uvc-heading.ultimate-heading-440969f74d38c7af2 h2'  data-responsive-json-new='{\"font-size\":\"desktop:20px;\",\"line-height\":\"desktop:26px;\"}' ><h2 style=\"font-weight:bold;margin-bottom:5px;\">Bring a frind and get<\/h2><\/div><div class=\"uvc-sub-heading ult-responsive\"  data-ultimate-target='.uvc-heading.ultimate-heading-440969f74d38c7af2 .uvc-sub-heading '  data-responsive-json-new='{\"font-size\":\"desktop:34px;\",\"line-height\":\"desktop:40px;\"}'  style=\"font-family:&#039;Open Sans Condensed&#039;;font-weight:700;margin-bottom:20px;\">50% OFF FOR FIRST 3 CONSULTATIONS<\/div><\/div>[vc_column_text css=\u00bb.vc_custom_1498753387331{padding-bottom: 25px !important;}\u00bb]Tristique senectus et netus et malesuada fames ac turpis egestas ulla!\u00a0Class aptent taciti sociosqu ad litora torquent per conubia nostra, per inceptos himenaeos. Suspendisse ut libero augue.<\/p>\n<p>Tristique senectus et netus &#8211; et malesuada fames ac turpis egestas ulla! Etiam dui libero, tempor quis congue in, interdum eget tortor.<\/p>\n<p>Phasellus rhoncus ante sollicitudin nisl consectetur ultricies. Sed rhoncus ullamcorper mauris, ac condimentum metus egestas ut. Nam et urna ante, vitae pretium lacus.[\/vc_column_text]<style type=\"text\/css\" data-type=\"the7_shortcodes-inline-css\">#default-btn-d6d899154d9ccc8da0382ba88a884e78.ico-right-side > i {\n  margin-right: 0px;\n  margin-left: 8px;\n}\n#default-btn-d6d899154d9ccc8da0382ba88a884e78 > i {\n  margin-right: 8px;\n}<\/style><a href=\"\/corporate\/contact\/\" class=\"default-btn-shortcode dt-btn dt-btn-m link-hover-off btn-inline-left \" id=\"default-btn-d6d899154d9ccc8da0382ba88a884e78\"><span>CONTACT US NOW!<\/span><\/a>[\/vc_column][\/vc_row][vc_row][vc_column]<div class=\"ult-spacer spacer-69f74d38c7ba4\" data-id=\"69f74d38c7ba4\" data-height=\"30\" data-height-mobile=\"30\" data-height-tab=\"30\" data-height-tab-portrait=\"\" data-height-mobile-landscape=\"\" style=\"clear:both;display:block;\"><\/div>[vc_separator color=\u00bbcustom\u00bb accent_color=\u00bb#082b49&#8243;][\/vc_column][\/vc_row]<\/p>\n<\/section>","protected":false},"excerpt":{"rendered":"<p>[vc_row][vc_column][\/vc_column][vc_column width=\u00bb1\/3&#8243;][vc_custom_heading text=\u00bbAlcanzar nuevos retos para estar a la cabeza de la vanguardia tecnol\u00f3gica.\u00bb font_container=\u00bbtag:h5|font_size:32|text_align:left|color:%23052b4c|line_height:1&#8243; google_fonts=\u00bbfont_family:Roboto%3A100%2C100italic%2C300%2C300italic%2Cregular%2Citalic%2C500%2C500italic%2C700%2C700italic%2C900%2C900italic|font_style:100%20light%20italic%3A100%3Aitalic\u00bb][\/vc_column][vc_column width=\u00bb2\/3&#8243;][vc_column_text] En la constante b\u00fasqueda de la excelencia, reconocemos los requisitos cambiantes del mercado por adelantado y desarrollamos soluciones innovadoras basadas en nuestra amplia experiencia. Mediante el uso de procesos digitalizados y en red, aumentamos la eficiencia y confiabilidad&hellip;<\/p>\n","protected":false},"author":1,"featured_media":0,"parent":5,"menu_order":500,"comment_status":"closed","ping_status":"closed","template":"","meta":{"footnotes":""},"class_list":["post-24","page","type-page","status-publish","hentry","description-off"],"_links":{"self":[{"href":"https:\/\/intelman.eu\/index.php?rest_route=\/wp\/v2\/pages\/24","targetHints":{"allow":["GET"]}}],"collection":[{"href":"https:\/\/intelman.eu\/index.php?rest_route=\/wp\/v2\/pages"}],"about":[{"href":"https:\/\/intelman.eu\/index.php?rest_route=\/wp\/v2\/types\/page"}],"author":[{"embeddable":true,"href":"https:\/\/intelman.eu\/index.php?rest_route=\/wp\/v2\/users\/1"}],"replies":[{"embeddable":true,"href":"https:\/\/intelman.eu\/index.php?rest_route=%2Fwp%2Fv2%2Fcomments&post=24"}],"version-history":[{"count":19,"href":"https:\/\/intelman.eu\/index.php?rest_route=\/wp\/v2\/pages\/24\/revisions"}],"predecessor-version":[{"id":3176,"href":"https:\/\/intelman.eu\/index.php?rest_route=\/wp\/v2\/pages\/24\/revisions\/3176"}],"up":[{"embeddable":true,"href":"https:\/\/intelman.eu\/index.php?rest_route=\/wp\/v2\/pages\/5"}],"wp:attachment":[{"href":"https:\/\/intelman.eu\/index.php?rest_route=%2Fwp%2Fv2%2Fmedia&parent=24"}],"curies":[{"name":"wp","href":"https:\/\/api.w.org\/{rel}","templated":true}]}}