{"id":17,"date":"2016-01-29T10:17:54","date_gmt":"2016-01-29T10:17:54","guid":{"rendered":"https:\/\/the7.io\/beauty-studio\/?page_id=17"},"modified":"2021-03-20T14:14:30","modified_gmt":"2021-03-20T13:14:30","slug":"job","status":"publish","type":"page","link":"https:\/\/intelman.eu\/?page_id=17","title":{"rendered":"Job"},"content":{"rendered":"<section class=\"wpb-content-wrapper\"><p>[vc_row type=\u00bbvc_default\u00bb css=\u00bb.vc_custom_1490533921156{padding-top: 70px !important;padding-bottom: 70px !important;}\u00bb][vc_column width=\u00bb1\/3&#8243;][vc_column_text]<\/p>\n<h3>Desarrolla tu carrera profesional con nosotros.<\/h3>\n<p>[\/vc_column_text][\/vc_column][vc_column width=\u00bb2\/3&#8243;][vc_column_text]<\/p>\n<h6>Como empresa global, llevamos a\u00f1os desarrollando sistemas de fabricaci\u00f3n y m\u00e1quinas especiales. Nuestros clientes incluyen los principales fabricantes de autom\u00f3viles del mundo, sus proveedores de componentes y otras compa\u00f1\u00edas de una amplia gama de industrias. \u00a0Como empresa, aspiramos constantemente a lograr calidad, precisi\u00f3n y crecimiento sostenido a trav\u00e9s de nuestros propios esfuerzos.<\/h6>\n<h6>Nuestros empleados son la columna vertebral de la empresa, nuestro factor clave de \u00e9xito y nuestra fuerza de conformaci\u00f3n. Son fundamentales para garantizar no solo nuestra presencia entre la competencia internacional, sino tambi\u00e9n para mejorar a\u00fan m\u00e1s nuestra tecnolog\u00eda y liderazgo en el mercado. Forma parte de la historia de \u00e9xito de INTELMAN y benef\u00edciate de nuestras atractivas condiciones de empleo.<\/h6>\n<p>[\/vc_column_text][\/vc_column][\/vc_row][vc_row css=\u00bb.vc_custom_1585562482146{padding-top: 70px !important;padding-bottom: 70px !important;}\u00bb][vc_column]<div class=\"ult-spacer spacer-69f74db03f6d5\" data-id=\"69f74db03f6d5\" data-height=\"20\" data-height-mobile=\"20\" data-height-tab=\"20\" data-height-tab-portrait=\"\" data-height-mobile-landscape=\"\" style=\"clear:both;display:block;\"><\/div><div class=\"dt-fancy-separator h2-size\" style=\"width: 100%;\"><div class=\"dt-fancy-title\" style=\"color: #003156;\"><span class=\"separator-holder separator-left\" style=\"border-color: #7a7a7a;\"><\/span>Que te podemos ofrecer<span class=\"separator-holder separator-right\" style=\"border-color: #7a7a7a;\"><\/span><\/div><\/div><div class=\"ult-spacer spacer-69f74db03f71a\" data-id=\"69f74db03f71a\" data-height=\"50\" data-height-mobile=\"50\" data-height-tab=\"50\" data-height-tab-portrait=\"\" data-height-mobile-landscape=\"\" style=\"clear:both;display:block;\"><\/div>[vc_row_inner][vc_column_inner width=\u00bb1\/3&#8243;]<div class=\"aio-icon-component  vc_custom_1585561843577   style_1\"><div id=\"Info-box-wrap-8167\" class=\"aio-icon-box top-icon\" style=\"\"  ><div class=\"aio-icon-top\"><div class=\"ult-just-icon-wrapper  \"><div class=\"align-icon\" style=\"text-align:center;\">\n<div class=\"aio-icon none \"  style=\"color:#1c446b;font-size:80px;display:inline-block;\">\n\t<i class=\"fas fa-hand-holding-usd\"><\/i>\n<\/div><\/div><\/div><\/div><\/div> <!-- aio-icon-box --><\/div> <!-- aio-icon-component --><div id=\"ultimate-heading-475469f74db03f814\" class=\"uvc-heading ult-adjust-bottom-margin ultimate-heading-475469f74db03f814 uvc-9092  uvc-heading-default-font-sizes\" data-hspacer=\"no_spacer\"  data-halign=\"center\" style=\"text-align:center\"><div class=\"uvc-heading-spacer no_spacer\" style=\"top\"><\/div><div class=\"uvc-main-heading ult-responsive\"  data-ultimate-target='.uvc-heading.ultimate-heading-475469f74db03f814 h4'  data-responsive-json-new='{\"font-size\":\"\",\"line-height\":\"\"}' ><h4 style=\"--font-weight:theme;\">Remuneraci\u00f3n<\/h4><\/div><div class=\"uvc-sub-heading ult-responsive\"  data-ultimate-target='.uvc-heading.ultimate-heading-475469f74db03f814 .uvc-sub-heading '  data-responsive-json-new='{\"font-size\":\"\",\"line-height\":\"\"}'  style=\"font-weight:normal;\"><\/p>\n<h6 id=\"tw-target-text\" class=\"tw-data-text tw-text-large tw-ta\" dir=\"ltr\" data-placeholder=\"Traducci\u00f3n\"><span lang=\"es\">Tu esfuerzo debe estar bien pagado. Como empleado de INTELMAN, recibe un salario y beneficios atractivos, as\u00ed como tiempo libre remunerado.<\/span><\/h6>\n<p><\/div><\/div>[\/vc_column_inner][vc_column_inner width=\u00bb1\/3&#8243;]<div class=\"aio-icon-component  vc_custom_1585563840494   style_1\"><div id=\"Info-box-wrap-4901\" class=\"aio-icon-box top-icon\" style=\"\"  ><div class=\"aio-icon-top\"><div class=\"ult-just-icon-wrapper  \"><div class=\"align-icon\" style=\"text-align:center;\">\n<div class=\"aio-icon none \"  style=\"color:#1c446b;font-size:80px;display:inline-block;\">\n\t<i class=\"fas fa-chart-line\"><\/i>\n<\/div><\/div><\/div><\/div><\/div> <!-- aio-icon-box --><\/div> <!-- aio-icon-component --><div id=\"ultimate-heading-627769f74db03f894\" class=\"uvc-heading ult-adjust-bottom-margin ultimate-heading-627769f74db03f894 uvc-9867  uvc-heading-default-font-sizes\" data-hspacer=\"no_spacer\"  data-halign=\"center\" style=\"text-align:center\"><div class=\"uvc-heading-spacer no_spacer\" style=\"top\"><\/div><div class=\"uvc-main-heading ult-responsive\"  data-ultimate-target='.uvc-heading.ultimate-heading-627769f74db03f894 h4'  data-responsive-json-new='{\"font-size\":\"\",\"line-height\":\"\"}' ><h4 style=\"--font-weight:theme;\">Evoluci\u00f3n profesional<\/h4><\/div><div class=\"uvc-sub-heading ult-responsive\"  data-ultimate-target='.uvc-heading.ultimate-heading-627769f74db03f894 .uvc-sub-heading '  data-responsive-json-new='{\"font-size\":\"\",\"line-height\":\"\"}'  style=\"font-weight:normal;\"><\/p>\n<h6>Ofrecemos a nuestros empleados una amplia gama de oportunidades de desarrollo profesional y personal.<\/h6>\n<p><\/div><\/div>[\/vc_column_inner][vc_column_inner width=\u00bb1\/3&#8243;]<div class=\"aio-icon-component  vc_custom_1585563665097   style_1\"><div id=\"Info-box-wrap-5208\" class=\"aio-icon-box top-icon\" style=\"\"  ><div class=\"aio-icon-top\"><div class=\"ult-just-icon-wrapper  \"><div class=\"align-icon\" style=\"text-align:center;\">\n<div class=\"aio-icon none \"  style=\"color:#1c446b;font-size:80px;display:inline-block;\">\n\t<i class=\"fas fa-globe\"><\/i>\n<\/div><\/div><\/div><\/div><\/div> <!-- aio-icon-box --><\/div> <!-- aio-icon-component --><div id=\"ultimate-heading-129869f74db03f8fd\" class=\"uvc-heading ult-adjust-bottom-margin ultimate-heading-129869f74db03f8fd uvc-6563  uvc-heading-default-font-sizes\" data-hspacer=\"no_spacer\"  data-halign=\"center\" style=\"text-align:center\"><div class=\"uvc-heading-spacer no_spacer\" style=\"top\"><\/div><div class=\"uvc-main-heading ult-responsive\"  data-ultimate-target='.uvc-heading.ultimate-heading-129869f74db03f8fd h4'  data-responsive-json-new='{\"font-size\":\"\",\"line-height\":\"\"}' ><h4 style=\"--font-weight:theme;\">Ambiente internacional<\/h4><\/div><div class=\"uvc-sub-heading ult-responsive\"  data-ultimate-target='.uvc-heading.ultimate-heading-129869f74db03f8fd .uvc-sub-heading '  data-responsive-json-new='{\"font-size\":\"\",\"line-height\":\"\"}'  style=\"font-weight:normal;\"><\/p>\n<h6>No importa si se trata de ensamblaje, servicio, ingenier\u00eda o en otros departamentos: los despliegues en el extranjero le brindan la oportunidad de acumular experiencia en un entorno internacional.<\/h6>\n<p><\/div><\/div>[\/vc_column_inner][\/vc_row_inner]<div class=\"ult-spacer spacer-69f74db03f913\" data-id=\"69f74db03f913\" data-height=\"50\" data-height-mobile=\"50\" data-height-tab=\"50\" data-height-tab-portrait=\"\" data-height-mobile-landscape=\"\" style=\"clear:both;display:block;\"><\/div>[\/vc_column][\/vc_row][vc_row type=\u00bbvc_default\u00bb gap=\u00bb10&#8243; css=\u00bb.vc_custom_1585576546966{padding-top: 70px !important;padding-bottom: 70px !important;}\u00bb][vc_column][vc_row_inner][vc_column_inner]<div class=\"ult-spacer spacer-69f74db03f921\" data-id=\"69f74db03f921\" data-height=\"20\" data-height-mobile=\"20\" data-height-tab=\"20\" data-height-tab-portrait=\"\" data-height-mobile-landscape=\"\" style=\"clear:both;display:block;\"><\/div>[\/vc_column_inner][\/vc_row_inner]<div class=\"dt-fancy-separator h2-size\" style=\"width: 100%;\"><div class=\"dt-fancy-title\" style=\"color: #003156;\"><span class=\"separator-holder separator-left\" style=\"border-color: #7a7a7a;\"><\/span>OPORTUNIDADES PROFESIONALES<span class=\"separator-holder separator-right\" style=\"border-color: #7a7a7a;\"><\/span><\/div><\/div><div class=\"ult-spacer spacer-69f74db03f94d\" data-id=\"69f74db03f94d\" data-height=\"30\" data-height-mobile=\"30\" data-height-tab=\"30\" data-height-tab-portrait=\"\" data-height-mobile-landscape=\"\" style=\"clear:both;display:block;\"><\/div><div class=\"aio-icon-component  vc_custom_1585570969959   style_1\"><div id=\"Info-box-wrap-1119\" class=\"aio-icon-box left-icon\" style=\"\"  ><div class=\"aio-icon-left\"><div class=\"ult-just-icon-wrapper  \"><div class=\"align-icon\" style=\"text-align:center;\">\n<div class=\"aio-icon none \"  style=\"color:#1c446b;font-size:80px;display:inline-block;\">\n\t<i class=\"icomoon-icomoonfree-16x16-user-plus\"><\/i>\n<\/div><\/div><\/div><\/div><div class=\"aio-ibd-block\"><div class=\"aio-icon-description ult-responsive\"  data-ultimate-target='#Info-box-wrap-1119 .aio-icon-description'  data-responsive-json-new='{\"font-size\":\"\",\"line-height\":\"\"}'  style=\"\"><\/p>\n<h6>Consulta nuestras oportunidades profesionales abiertas, encontraras todas la informaci\u00f3n relativa al puesto y las caracter\u00edsticas del mismo par que puedas apuntarte al proceso de seleccio\u00f3n. Si tus habilidades no est\u00e1n en este momento dentro de nuestra lista de ofertas, tambi\u00e9n puedes enviar tu candidatura espont\u00e1nea a nuestra direcci\u00f3n de correo electr\u00f3nico \u00a0<a href=\"mailto:rrhh@intelman.com\">rrhh@intelman.com<\/a><\/h6>\n<p><\/div> <!-- description --><\/div> <!-- aio-ibd-block --><\/div> <!-- aio-icon-box --><\/div> <!-- aio-icon-component --><div class=\"ult-spacer spacer-69f74db03f9a8\" data-id=\"69f74db03f9a8\" data-height=\"30\" data-height-mobile=\"30\" data-height-tab=\"30\" data-height-tab-portrait=\"\" data-height-mobile-landscape=\"\" style=\"clear:both;display:block;\"><\/div>[vc_column_text]<\/p>\n<h4>Procesos de selecci\u00f3n abiertos:<\/h4>\n<p>[\/vc_column_text]<div class=\"ult-spacer spacer-69f74db03f9b3\" data-id=\"69f74db03f9b3\" data-height=\"20\" data-height-mobile=\"20\" data-height-tab=\"20\" data-height-tab-portrait=\"\" data-height-mobile-landscape=\"\" style=\"clear:both;display:block;\"><\/div>[vc_tta_tour style=\u00bbmodern\u00bb shape=\u00bbsquare\u00bb active_section=\u00bb1&#8243;][vc_tta_section title=\u00bbDise\u00f1o mec\u00e1nico\u00bb tab_id=\u00bb1585567494590-2b0cef95-5e18&#8243;]<div class=\"ult-spacer spacer-69f74db03f9bd\" data-id=\"69f74db03f9bd\" data-height=\"20\" data-height-mobile=\"20\" data-height-tab=\"20\" data-height-tab-portrait=\"\" data-height-mobile-landscape=\"\" style=\"clear:both;display:block;\"><\/div>[vc_column_text]<\/p>\n<h3>Descripci\u00f3n de la oferta<\/h3>\n<p>En dependencia del Responsable de Oficina T\u00e9cnica y del responsable de taller, las <strong>funciones principales<\/strong> del candidato seleccionado ser\u00e1n:<\/p>\n<ul>\n<li><strong>Dise\u00f1o mec\u00e1nico<\/strong> (3D) de los diferentes proyectos asignados, junto al equipo de Oficina T\u00e9cnica y del Responsable de Proyectos.<\/li>\n<li>Ofrecer, proponer y dise\u00f1ar <strong>soluciones t\u00e9cnicas espec\u00edficas<\/strong> a la necesidad del cliente (mecanismos mec\u00e1nicos, actuadores, cilindros)<\/li>\n<li>Gesti\u00f3n de los<strong> timmings<\/strong> de los proyectos, teniendo en cuenta las prioridades marcadas por el cliente.<\/li>\n<li><strong>Dise\u00f1o de la maquinaria en 3D y 2D<\/strong>, teniendo en cuenta las especificaciones t\u00e9cnicas del cliente (<strong>SolidWorks<\/strong>)<\/li>\n<li>Colaborar<strong> junto al equipo t\u00e9cnico<\/strong> tanto de Oficina T\u00e9cnica como de fabricaci\u00f3n en llevar a cabo los proyectos.<\/li>\n<\/ul>\n<p>[\/vc_column_text]<div class=\"ult-spacer spacer-69f74db03f9c7\" data-id=\"69f74db03f9c7\" data-height=\"20\" data-height-mobile=\"20\" data-height-tab=\"20\" data-height-tab-portrait=\"\" data-height-mobile-landscape=\"\" style=\"clear:both;display:block;\"><\/div>[vc_column_text]<\/p>\n<h3>Perfil Buscado (Hombre\/Mujer)<\/h3>\n<ul>\n<li><strong>Formaci\u00f3n T\u00e9cnica<\/strong> (ingenier\u00eda industrial con especialidad en Mec\u00e1nica o CFGS con el experiencia)<\/li>\n<li>Imprescindible aportar <strong>conocimientos altos en dise\u00f1o mec\u00e1nico de maquinaria industrial<\/strong>, mecanismos, actuadores, cilindros&#8230;<\/li>\n<li>Imprescindible haber trabajado en Oficina T\u00e9cnica en el <strong>desarrollo mec\u00e1nico de maquinaria<\/strong>, estando presente en la fabricaci\u00f3n en taller.<\/li>\n<li>Muy valorable haber gestionado proyectos de fabricaci\u00f3n de maquinaria especial o del sector del packaging.<\/li>\n<li>Muy valorable aportar conocimientos en <strong>m\u00e9todos de fabricaci\u00f3n, mecanizado<\/strong>.<\/li>\n<li>Imprescindible haber trabajado con herramientas CAD tanto 3D como 2D.<\/li>\n<\/ul>\n<p>Pensamos en una persona con <strong>experiencia en dise\u00f1o mec\u00e1nico<\/strong>, acostumbrado a tratar <strong>proyectos especiales<\/strong> seg\u00fan las necesidades del cliente. Ser\u00e1 imprescindible que quiera participar en un<strong> proyecto profesional retador<\/strong>, dentro de una compa\u00f1\u00eda en <strong>plena expansi\u00f3n.<\/strong>[\/vc_column_text][\/vc_tta_section][vc_tta_section title=\u00bbFabricaci\u00f3n \/ Producci\u00f3n\u00bb tab_id=\u00bb1585567494567-ad74c4eb-6a7f\u00bb]<div class=\"ult-spacer spacer-69f74db03f9d1\" data-id=\"69f74db03f9d1\" data-height=\"30\" data-height-mobile=\"30\" data-height-tab=\"30\" data-height-tab-portrait=\"\" data-height-mobile-landscape=\"\" style=\"clear:both;display:block;\"><\/div>[vc_column_text]<\/p>\n<h3>Descripci\u00f3n de la oferta<\/h3>\n<p>En dependencia del Responsable de Producci\u00f3n, las <strong>funciones principales<\/strong> del candidato seleccionado ser\u00e1n:<\/p>\n<ul>\n<li><strong>Montaje mec\u00e1nico<\/strong>\u00a0de los diferentes proyectos asignados, junto al equipo de Producci\u00f3n y del Responsable de Taller.<\/li>\n<li>Ofrecer, proponer y dise\u00f1ar <strong>soluciones t\u00e9cnicas espec\u00edficas<\/strong> a la necesidad del cliente (mecanismos mec\u00e1nicos, actuadores, cilindros)<\/li>\n<li>Ejecuci\u00f3n de los<strong> timmings<\/strong> de los proyectos, teniendo en cuenta las prioridades marcadas por el cliente.<\/li>\n<li><strong>Interpretaci\u00f3n de planos en 3D y 2D<\/strong>, teniendo en cuenta las especificaciones t\u00e9cnicas del dise\u00f1o.<\/li>\n<li>Colaborar<strong> junto al equipo t\u00e9cnico<\/strong> tanto de Oficina T\u00e9cnica como de Fabricaci\u00f3n en llevar a cabo los proyectos.<\/li>\n<\/ul>\n<p>[\/vc_column_text]<div class=\"ult-spacer spacer-69f74db03f9dc\" data-id=\"69f74db03f9dc\" data-height=\"20\" data-height-mobile=\"20\" data-height-tab=\"20\" data-height-tab-portrait=\"\" data-height-mobile-landscape=\"\" style=\"clear:both;display:block;\"><\/div>[vc_column_text]<\/p>\n<h3>Perfil Buscado (Hombre\/Mujer)<\/h3>\n<ul>\n<li><strong>Formaci\u00f3n T\u00e9cnica<\/strong> (ingenier\u00eda industrial con especialidad en Mec\u00e1nica o CFGS con el experiencia)<\/li>\n<li>Imprescindible aportar <strong>conocimientos altos en dise\u00f1o mec\u00e1nico de maquinaria industrial<\/strong>, mecanismos, actuadores, cilindros&#8230;<\/li>\n<li>Imprescindible haber trabajado en el \u00e1rea del <strong>montaje\u00a0mec\u00e1nico de maquinaria<\/strong>, estando presente en la fabricaci\u00f3n en taller.<\/li>\n<li>Muy valorable haber gestionado proyectos de fabricaci\u00f3n de maquinaria especial o del sector del autom\u00f3vil.<\/li>\n<li>Muy valorable aportar conocimientos en <strong>m\u00e9todos de fabricaci\u00f3n, mecanizado<\/strong>.<\/li>\n<li>Imprescindible haber trabajado con herramientas CAD tanto 3D como 2D.<\/li>\n<\/ul>\n<p>Pensamos en una persona con <strong>experiencia en montaje mec\u00e1nico<\/strong>, acostumbrado a tratar <strong>proyectos especiales<\/strong> seg\u00fan las necesidades del cliente. Ser\u00e1 imprescindible que quiera participar en un<strong> proyecto profesional retador<\/strong>, dentro de una compa\u00f1\u00eda en <strong>plena expansi\u00f3n.<\/strong>[\/vc_column_text]<div class=\"ult-spacer spacer-69f74db03f9e5\" data-id=\"69f74db03f9e5\" data-height=\"30\" data-height-mobile=\"30\" data-height-tab=\"30\" data-height-tab-portrait=\"\" data-height-mobile-landscape=\"\" style=\"clear:both;display:block;\"><\/div>[\/vc_tta_section][vc_tta_section title=\u00bbAdministraci\u00f3n y compras\u00bb tab_id=\u00bb1585567634988-f0275424-dff8&#8243;][vc_column_text]<\/p>\n<h3>Descripci\u00f3n de la oferta<\/h3>\n<p>En dependencia del Responsable de Oficina T\u00e9cnica y del responsable de taller, las <strong>funciones principales<\/strong> del candidato seleccionado ser\u00e1n:<\/p>\n<ul>\n<li><strong>Dise\u00f1o mec\u00e1nico<\/strong> (3D) de los diferentes proyectos asignados, junto al equipo de Oficina T\u00e9cnica y del Responsable de Taller.<\/li>\n<li>Ofrecer, proponer y dise\u00f1ar <strong>soluciones t\u00e9cnicas espec\u00edficas<\/strong> a la necesidad del cliente (mecanismos mec\u00e1nicos, actuadores, cilindros)<\/li>\n<li>Gesti\u00f3n de los<strong> timmings<\/strong> de los proyectos, teniendo en cuenta las prioridades marcadas por el cliente.<\/li>\n<li><strong>Dise\u00f1o de la maquinaria en 3D y 2D<\/strong>, teniendo en cuenta las especificaciones t\u00e9cnicas del cliente (<strong>SolidWorks y Autocad<\/strong>)<\/li>\n<li>Colaborar<strong> junto al equipo t\u00e9cnico<\/strong> tanto de Oficina T\u00e9cnica como de Taller en llevar a cabo los proyectos.<\/li>\n<\/ul>\n<h3>Perfil Buscado (Hombre\/Mujer)<\/h3>\n<ul>\n<li><strong>Formaci\u00f3n T\u00e9cnica<\/strong> (ingenier\u00eda industrial con especialidad en Mec\u00e1nica o CFGS con el experiencia)<\/li>\n<li>Imprescindible aportar <strong>conocimientos altos en dise\u00f1o mec\u00e1nico de maquinaria industrial<\/strong>, mecanismos, actuadores, cilindros&#8230;<\/li>\n<li>Imprescindible haber trabajado en Oficina T\u00e9cnica en el <strong>desarrollo mec\u00e1nico de maquinaria<\/strong>, estando presente en la fabricaci\u00f3n en taller.<\/li>\n<li>Muy valorable haber gestionado proyectos de fabricaci\u00f3n de maquinaria especial o del sector del packaging.<\/li>\n<li>Muy valorable aportar conocimientos en <strong>m\u00e9todos de fabricaci\u00f3n, mecanizado<\/strong>.<\/li>\n<li>Imprescindible haber trabajado con herramientas CAD tanto 3D como 2D.<\/li>\n<\/ul>\n<p>Pensamos en una persona con <strong>experiencia en dise\u00f1o mec\u00e1nico<\/strong>, acostumbrado a tratar <strong>proyectos especiales<\/strong> seg\u00fan las necesidades del cliente. Ser\u00e1 imprescindible que quiera participar en un<strong> proyecto profesional retador<\/strong>, dentro de una compa\u00f1\u00eda en <strong>plena expansi\u00f3n.<\/strong>[\/vc_column_text][\/vc_tta_section][\/vc_tta_tour][\/vc_column][\/vc_row][vc_row type=\u00bbvc_default\u00bb][vc_column][vc_row_inner][vc_column_inner]<div class=\"ult-spacer spacer-69f74db03f9ee\" data-id=\"69f74db03f9ee\" data-height=\"20\" data-height-mobile=\"20\" data-height-tab=\"20\" data-height-tab-portrait=\"\" data-height-mobile-landscape=\"\" style=\"clear:both;display:block;\"><\/div>[\/vc_column_inner][\/vc_row_inner][\/vc_column][vc_column width=\u00bb1\/3&#8243; css=\u00bb.vc_custom_1616246067803{background-color: #0a2c49 !important;}\u00bb]<div class=\"ult-spacer spacer-69f74db03f9f7\" data-id=\"69f74db03f9f7\" data-height=\"15\" data-height-mobile=\"15\" data-height-tab=\"15\" data-height-tab-portrait=\"\" data-height-mobile-landscape=\"\" style=\"clear:both;display:block;\"><\/div>[vc_custom_heading text=\u00bbNecesitas m\u00e1s info?\u00bb font_container=\u00bbtag:div|font_size:38|text_align:left|color:%23ffffff|line_height:2&#8243; google_fonts=\u00bbfont_family:Roboto%3A100%2C100italic%2C300%2C300italic%2Cregular%2Citalic%2C500%2C500italic%2C700%2C700italic%2C900%2C900italic|font_style:300%20light%20regular%3A300%3Anormal\u00bb][vc_custom_heading text=\u00bbContactanos\u00bb font_container=\u00bbtag:div|font_size:26|text_align:left|color:%23ffffff|line_height:1&#8243; google_fonts=\u00bbfont_family:Roboto%3A100%2C100italic%2C300%2C300italic%2Cregular%2Citalic%2C500%2C500italic%2C700%2C700italic%2C900%2C900italic|font_style:100%20light%20regular%3A100%3Anormal\u00bb]<div class=\"ult-spacer spacer-69f74db03f9fe\" data-id=\"69f74db03f9fe\" data-height=\"35\" data-height-mobile=\"35\" data-height-tab=\"35\" data-height-tab-portrait=\"\" data-height-mobile-landscape=\"\" style=\"clear:both;display:block;\"><\/div>[vc_custom_heading text=\u00bbIntelman Ingenieria, SL\u00bb font_container=\u00bbtag:div|font_size:22|text_align:left|color:%23ffffff|line_height:2&#8243; google_fonts=\u00bbfont_family:Roboto%3A100%2C100italic%2C300%2C300italic%2Cregular%2Citalic%2C500%2C500italic%2C700%2C700italic%2C900%2C900italic|font_style:400%20regular%3A400%3Anormal\u00bb][vc_custom_heading text=\u00bbTlf: +34 986 136 460&#8243; font_container=\u00bbtag:div|font_size:20|text_align:left|color:%23ffffff|line_height:2&#8243; google_fonts=\u00bbfont_family:Roboto%3A100%2C100italic%2C300%2C300italic%2Cregular%2Citalic%2C500%2C500italic%2C700%2C700italic%2C900%2C900italic|font_style:300%20light%20regular%3A300%3Anormal\u00bb][vc_custom_heading text=\u00bbmail: intelman@intelman.com\u00bb font_container=\u00bbtag:div|font_size:20|text_align:left|color:%23ffffff|line_height:2&#8243; google_fonts=\u00bbfont_family:Roboto%3A100%2C100italic%2C300%2C300italic%2Cregular%2Citalic%2C500%2C500italic%2C700%2C700italic%2C900%2C900italic|font_style:300%20light%20regular%3A300%3Anormal\u00bb]<div class=\"ult-spacer spacer-69f74db03fa06\" data-id=\"69f74db03fa06\" data-height=\"24\" data-height-mobile=\"24\" data-height-tab=\"24\" data-height-tab-portrait=\"\" data-height-mobile-landscape=\"\" style=\"clear:both;display:block;\"><\/div>[\/vc_column][vc_column width=\u00bb2\/3&#8243; css=\u00bb.vc_custom_1585571964710{background-image: url(https:\/\/intelman.eu\/wp-content\/uploads\/2020\/03\/customer-support1.jpg?id=2113) !important;}\u00bb][vc_empty_space height=\u00bb300px\u00bb][\/vc_column][\/vc_row][vc_row][vc_column]<div class=\"ult-spacer spacer-69f74db03fa0c\" data-id=\"69f74db03fa0c\" data-height=\"100\" data-height-mobile=\"100\" data-height-tab=\"100\" data-height-tab-portrait=\"\" data-height-mobile-landscape=\"\" style=\"clear:both;display:block;\"><\/div>[vc_separator color=\u00bbcustom\u00bb accent_color=\u00bb#003b5e\u00bb][\/vc_column][\/vc_row]<\/p>\n<\/section>","protected":false},"excerpt":{"rendered":"<p>[vc_row type=\u00bbvc_default\u00bb css=\u00bb.vc_custom_1490533921156{padding-top: 70px !important;padding-bottom: 70px !important;}\u00bb][vc_column width=\u00bb1\/3&#8243;][vc_column_text] Desarrolla tu carrera profesional con nosotros. [\/vc_column_text][\/vc_column][vc_column width=\u00bb2\/3&#8243;][vc_column_text] Como empresa global, llevamos a\u00f1os desarrollando sistemas de fabricaci\u00f3n y m\u00e1quinas especiales. Nuestros clientes incluyen los principales fabricantes de autom\u00f3viles del mundo, sus proveedores de componentes y otras compa\u00f1\u00edas de una amplia gama de industrias. \u00a0Como empresa, aspiramos constantemente&hellip;<\/p>\n","protected":false},"author":1,"featured_media":0,"parent":5,"menu_order":200,"comment_status":"closed","ping_status":"closed","template":"","meta":{"footnotes":""},"class_list":["post-17","page","type-page","status-publish","hentry","description-off"],"_links":{"self":[{"href":"https:\/\/intelman.eu\/index.php?rest_route=\/wp\/v2\/pages\/17","targetHints":{"allow":["GET"]}}],"collection":[{"href":"https:\/\/intelman.eu\/index.php?rest_route=\/wp\/v2\/pages"}],"about":[{"href":"https:\/\/intelman.eu\/index.php?rest_route=\/wp\/v2\/types\/page"}],"author":[{"embeddable":true,"href":"https:\/\/intelman.eu\/index.php?rest_route=\/wp\/v2\/users\/1"}],"replies":[{"embeddable":true,"href":"https:\/\/intelman.eu\/index.php?rest_route=%2Fwp%2Fv2%2Fcomments&post=17"}],"version-history":[{"count":89,"href":"https:\/\/intelman.eu\/index.php?rest_route=\/wp\/v2\/pages\/17\/revisions"}],"predecessor-version":[{"id":3283,"href":"https:\/\/intelman.eu\/index.php?rest_route=\/wp\/v2\/pages\/17\/revisions\/3283"}],"up":[{"embeddable":true,"href":"https:\/\/intelman.eu\/index.php?rest_route=\/wp\/v2\/pages\/5"}],"wp:attachment":[{"href":"https:\/\/intelman.eu\/index.php?rest_route=%2Fwp%2Fv2%2Fmedia&parent=17"}],"curies":[{"name":"wp","href":"https:\/\/api.w.org\/{rel}","templated":true}]}}