{"id":11,"date":"2016-01-29T10:14:18","date_gmt":"2016-01-29T10:14:18","guid":{"rendered":"https:\/\/the7.io\/beauty-studio\/?page_id=11"},"modified":"2020-05-18T08:52:40","modified_gmt":"2020-05-18T06:52:40","slug":"postventa","status":"publish","type":"page","link":"https:\/\/intelman.eu\/?page_id=11","title":{"rendered":"Asistencia"},"content":{"rendered":"<section class=\"wpb-content-wrapper\"><p>[vc_row margin_top=\u00bb50&#8243;][vc_column width=\u00bb1\/6&#8243; css=\u00bb.vc_custom_1585248542934{padding-top: 70px !important;padding-bottom: 70px !important;}\u00bb][\/vc_column][vc_column width=\u00bb2\/3&#8243;]<div class=\"dt-fancy-separator h2-size title-color\" style=\"width: 100%;\"><div class=\"dt-fancy-title\"><span class=\"separator-holder separator-left\" style=\"border-color: #004266;\"><\/span>Servicio Post-Venta<span class=\"separator-holder separator-right\" style=\"border-color: #004266;\"><\/span><\/div><\/div><div class=\"ult-spacer spacer-69f74e1dc087c\" data-id=\"69f74e1dc087c\" data-height=\"25\" data-height-mobile=\"25\" data-height-tab=\"25\" data-height-tab-portrait=\"\" data-height-mobile-landscape=\"\" style=\"clear:both;display:block;\"><\/div>[vc_column_text]<\/p>\n<h5>En todo el mundo, nuestros clientes est\u00e1n produciendo productos en sistemas complejos que cumplen con los requisitos m\u00e1s exigentes.<\/h5>\n<h5>Hacemos todo lo posible para apoyar a nuestros clientes tambi\u00e9n en t\u00e9rminos de servicio.<\/h5>\n<h5>Con el fin de satisfacer las necesidades de nuestros clientes internacionales en t\u00e9rminos de productividad, eficiencia y vida \u00fatil de su soluci\u00f3n de automatizaci\u00f3n, hemos organizado nuestra oferta de servicios relacionados con el mantenimiento y las operaciones en un \u00e1rea comercial de posventa.<\/h5>\n<h5>Una reducci\u00f3n constante en los tiempos de reacci\u00f3n, el amplio conocimiento de nuestros especialistas y a\u00f1os de experiencia garantizan un funcionamiento \u00f3ptimo y sin problemas de nuestros sistemas de alto rendimiento.<\/h5>\n<p>[\/vc_column_text]<div class=\"ult-spacer spacer-69f74e1dc0897\" data-id=\"69f74e1dc0897\" data-height=\"25\" data-height-mobile=\"25\" data-height-tab=\"25\" data-height-tab-portrait=\"\" data-height-mobile-landscape=\"\" style=\"clear:both;display:block;\"><\/div>[\/vc_column][vc_column width=\u00bb1\/6&#8243;][\/vc_column][\/vc_row][vc_row full_width_row=\u00bbtrue\u00bb][vc_column css=\u00bb.vc_custom_1498574979385{padding-top: 70px !important;padding-bottom: 70px !important;}\u00bb][rev_slider slidertitle=\u00bbIntelman 1 1 1&#8243; alias=\u00bbintelman-1-1-1&#8243;][\/vc_column][\/vc_row][vc_row margin_top=\u00bb-30&#8243;][vc_column width=\u00bb1\/6&#8243; css=\u00bb.vc_custom_1585248542934{padding-top: 70px !important;padding-bottom: 70px !important;}\u00bb][\/vc_column][vc_column width=\u00bb2\/3&#8243;]<div class=\"dt-fancy-separator h4-size title-color\" style=\"width: 100%;\"><div class=\"dt-fancy-title\"><span class=\"separator-holder separator-left\" style=\"border-color: #004266;\"><\/span>ATENCION AL CLIENTE<span class=\"separator-holder separator-right\" style=\"border-color: #004266;\"><\/span><\/div><\/div><div class=\"ult-spacer spacer-69f74e1dc08cb\" data-id=\"69f74e1dc08cb\" data-height=\"30\" data-height-mobile=\"30\" data-height-tab=\"30\" data-height-tab-portrait=\"\" data-height-mobile-landscape=\"\" style=\"clear:both;display:block;\"><\/div>[vc_column_text]<\/p>\n<h5>La comunicaci\u00f3n con usted como nuestro cliente es un factor importante en la gesti\u00f3n posventa. Nuestro servicio al cliente incluye:<\/h5>\n<p>[\/vc_column_text][\/vc_column][vc_column width=\u00bb1\/6&#8243;][\/vc_column][\/vc_row][vc_row][vc_column width=\u00bb1\/5&#8243; css=\u00bb.vc_custom_1585248542934{padding-top: 70px !important;padding-bottom: 70px !important;}\u00bb][\/vc_column][vc_column width=\u00bb4\/5&#8243;]<div class=\"aio-icon-component    style_1\"><div id=\"Info-box-wrap-9650\" class=\"aio-icon-box default-icon\" style=\"\"  ><div class=\"aio-icon-default\"><div class=\"ult-just-icon-wrapper  \"><div class=\"align-icon\" style=\"text-align:center;\">\n<div class=\"aio-icon none \"  style=\"color:#06406d;font-size:24px;display:inline-block;\">\n\t<i class=\"icomoon-icomoonfree-16x16-radio-checked\"><\/i>\n<\/div><\/div><\/div><\/div><div class=\"aio-icon-header\" ><h5 class=\"aio-icon-title ult-responsive\"  data-ultimate-target='#Info-box-wrap-9650 .aio-icon-title'  data-responsive-json-new='{\"font-size\":\"\",\"line-height\":\"\"}'  style=\"\">Determinaci\u00f3n de los requerimientos del cliente.<\/h5><\/div> <!-- header --><\/div> <!-- aio-icon-box --><\/div> <!-- aio-icon-component --><div class=\"aio-icon-component    style_1\"><div id=\"Info-box-wrap-2497\" class=\"aio-icon-box default-icon\" style=\"\"  ><div class=\"aio-icon-default\"><div class=\"ult-just-icon-wrapper  \"><div class=\"align-icon\" style=\"text-align:center;\">\n<div class=\"aio-icon none \"  style=\"color:#06406d;font-size:24px;display:inline-block;\">\n\t<i class=\"icomoon-icomoonfree-16x16-radio-checked\"><\/i>\n<\/div><\/div><\/div><\/div><div class=\"aio-icon-header\" ><h5 class=\"aio-icon-title ult-responsive\"  data-ultimate-target='#Info-box-wrap-2497 .aio-icon-title'  data-responsive-json-new='{\"font-size\":\"\",\"line-height\":\"\"}'  style=\"\">Asesoramiento y soporte para aplicaciones y condiciones de funcionamiento de piezas y componentes.<\/h5><\/div> <!-- header --><\/div> <!-- aio-icon-box --><\/div> <!-- aio-icon-component --><div class=\"aio-icon-component    style_1\"><div id=\"Info-box-wrap-3100\" class=\"aio-icon-box default-icon\" style=\"\"  ><div class=\"aio-icon-default\"><div class=\"ult-just-icon-wrapper  \"><div class=\"align-icon\" style=\"text-align:center;\">\n<div class=\"aio-icon none \"  style=\"color:#06406d;font-size:24px;display:inline-block;\">\n\t<i class=\"icomoon-icomoonfree-16x16-radio-checked\"><\/i>\n<\/div><\/div><\/div><\/div><div class=\"aio-icon-header\" ><h5 class=\"aio-icon-title ult-responsive\"  data-ultimate-target='#Info-box-wrap-3100 .aio-icon-title'  data-responsive-json-new='{\"font-size\":\"\",\"line-height\":\"\"}'  style=\"\">Punto de contacto para todas las consultas t\u00e9cnicas de los clientes relacionadas con los sistemas de automatizaci\u00f3n y los productos.<\/h5><\/div> <!-- header --><\/div> <!-- aio-icon-box --><\/div> <!-- aio-icon-component --><div class=\"aio-icon-component    style_1\"><div id=\"Info-box-wrap-5523\" class=\"aio-icon-box default-icon\" style=\"\"  ><div class=\"aio-icon-default\"><div class=\"ult-just-icon-wrapper  \"><div class=\"align-icon\" style=\"text-align:center;\">\n<div class=\"aio-icon none \"  style=\"color:#06406d;font-size:24px;display:inline-block;\">\n\t<i class=\"icomoon-icomoonfree-16x16-radio-checked\"><\/i>\n<\/div><\/div><\/div><\/div><div class=\"aio-icon-header\" ><h5 class=\"aio-icon-title ult-responsive\"  data-ultimate-target='#Info-box-wrap-5523 .aio-icon-title'  data-responsive-json-new='{\"font-size\":\"\",\"line-height\":\"\"}'  style=\"\">Asesoramiento sobre sistemas y equipos existentes.<\/h5><\/div> <!-- header --><\/div> <!-- aio-icon-box --><\/div> <!-- aio-icon-component --><div class=\"aio-icon-component    style_1\"><div id=\"Info-box-wrap-1314\" class=\"aio-icon-box default-icon\" style=\"\"  ><div class=\"aio-icon-default\"><div class=\"ult-just-icon-wrapper  \"><div class=\"align-icon\" style=\"text-align:center;\">\n<div class=\"aio-icon none \"  style=\"color:#06406d;font-size:24px;display:inline-block;\">\n\t<i class=\"icomoon-icomoonfree-16x16-radio-checked\"><\/i>\n<\/div><\/div><\/div><\/div><div class=\"aio-icon-header\" ><h5 class=\"aio-icon-title ult-responsive\"  data-ultimate-target='#Info-box-wrap-1314 .aio-icon-title'  data-responsive-json-new='{\"font-size\":\"\",\"line-height\":\"\"}'  style=\"\">An\u00e1lisis de sus sistemas de producci\u00f3n para aumentar la eficiencia.<\/h5><\/div> <!-- header --><\/div> <!-- aio-icon-box --><\/div> <!-- aio-icon-component --><div class=\"aio-icon-component    style_1\"><div id=\"Info-box-wrap-3247\" class=\"aio-icon-box default-icon\" style=\"\"  ><div class=\"aio-icon-default\"><div class=\"ult-just-icon-wrapper  \"><div class=\"align-icon\" style=\"text-align:center;\">\n<div class=\"aio-icon none \"  style=\"color:#06406d;font-size:24px;display:inline-block;\">\n\t<i class=\"icomoon-icomoonfree-16x16-radio-checked\"><\/i>\n<\/div><\/div><\/div><\/div><div class=\"aio-icon-header\" ><h5 class=\"aio-icon-title ult-responsive\"  data-ultimate-target='#Info-box-wrap-3247 .aio-icon-title'  data-responsive-json-new='{\"font-size\":\"\",\"line-height\":\"\"}'  style=\"\">Optimizaci\u00f3n de procesos y corridas de producci\u00f3n.<\/h5><\/div> <!-- header --><\/div> <!-- aio-icon-box --><\/div> <!-- aio-icon-component --><div class=\"ult-spacer spacer-69f74e1dc0bc5\" data-id=\"69f74e1dc0bc5\" data-height=\"80\" data-height-mobile=\"80\" data-height-tab=\"80\" data-height-tab-portrait=\"\" data-height-mobile-landscape=\"\" style=\"clear:both;display:block;\"><\/div>[\/vc_column][\/vc_row][vc_row margin_top=\u00bb-30&#8243;][vc_column width=\u00bb1\/6&#8243; css=\u00bb.vc_custom_1585248542934{padding-top: 70px !important;padding-bottom: 70px !important;}\u00bb][\/vc_column][vc_column width=\u00bb2\/3&#8243;]<div class=\"dt-fancy-separator h4-size title-color\" style=\"width: 100%;\"><div class=\"dt-fancy-title\"><span class=\"separator-holder separator-left\" style=\"border-color: #004266;\"><\/span>PIEZAS DE REPUESTO<span class=\"separator-holder separator-right\" style=\"border-color: #004266;\"><\/span><\/div><\/div><div class=\"ult-spacer spacer-69f74e1dc0bf5\" data-id=\"69f74e1dc0bf5\" data-height=\"30\" data-height-mobile=\"30\" data-height-tab=\"30\" data-height-tab-portrait=\"\" data-height-mobile-landscape=\"\" style=\"clear:both;display:block;\"><\/div>[vc_column_text]<\/p>\n<h5>Disponemos un amplio stock de componentes para nuestros clientes. De esta forma, puede recibir un componente operativo en cualquier momento, garantizando el m\u00e1s alto nivel de calidad sin tener que esperar oor un proceso de fabricaci\u00f3n a medida.<\/h5>\n<p>[\/vc_column_text][\/vc_column][vc_column width=\u00bb1\/6&#8243;][\/vc_column][\/vc_row][vc_row margin_top=\u00bb20&#8243;][vc_column width=\u00bb1\/5&#8243; css=\u00bb.vc_custom_1585248542934{padding-top: 70px !important;padding-bottom: 70px !important;}\u00bb][\/vc_column][vc_column width=\u00bb4\/5&#8243;]<div class=\"aio-icon-component    style_1\"><div id=\"Info-box-wrap-4002\" class=\"aio-icon-box default-icon\" style=\"\"  ><div class=\"aio-icon-default\"><div class=\"ult-just-icon-wrapper  \"><div class=\"align-icon\" style=\"text-align:center;\">\n<div class=\"aio-icon none \"  style=\"color:#06406d;font-size:24px;display:inline-block;\">\n\t<i class=\"icomoon-icomoonfree-16x16-radio-checked\"><\/i>\n<\/div><\/div><\/div><\/div><div class=\"aio-icon-header\" ><h5 class=\"aio-icon-title ult-responsive\"  data-ultimate-target='#Info-box-wrap-4002 .aio-icon-title'  data-responsive-json-new='{\"font-size\":\"\",\"line-height\":\"\"}'  style=\"\">Piezas de producci\u00f3n de alta calidad mediante fabricaci\u00f3n avanzada.<\/h5><\/div> <!-- header --><\/div> <!-- aio-icon-box --><\/div> <!-- aio-icon-component --><div class=\"aio-icon-component    style_1\"><div id=\"Info-box-wrap-2359\" class=\"aio-icon-box default-icon\" style=\"\"  ><div class=\"aio-icon-default\"><div class=\"ult-just-icon-wrapper  \"><div class=\"align-icon\" style=\"text-align:center;\">\n<div class=\"aio-icon none \"  style=\"color:#06406d;font-size:24px;display:inline-block;\">\n\t<i class=\"icomoon-icomoonfree-16x16-radio-checked\"><\/i>\n<\/div><\/div><\/div><\/div><div class=\"aio-icon-header\" ><h5 class=\"aio-icon-title ult-responsive\"  data-ultimate-target='#Info-box-wrap-2359 .aio-icon-title'  data-responsive-json-new='{\"font-size\":\"\",\"line-height\":\"\"}'  style=\"\">Persona de contacto personal para la compra de componentes adicionales.<\/h5><\/div> <!-- header --><\/div> <!-- aio-icon-box --><\/div> <!-- aio-icon-component --><div class=\"aio-icon-component    style_1\"><div id=\"Info-box-wrap-4873\" class=\"aio-icon-box default-icon\" style=\"\"  ><div class=\"aio-icon-default\"><div class=\"ult-just-icon-wrapper  \"><div class=\"align-icon\" style=\"text-align:center;\">\n<div class=\"aio-icon none \"  style=\"color:#06406d;font-size:24px;display:inline-block;\">\n\t<i class=\"icomoon-icomoonfree-16x16-radio-checked\"><\/i>\n<\/div><\/div><\/div><\/div><div class=\"aio-icon-header\" ><h5 class=\"aio-icon-title ult-responsive\"  data-ultimate-target='#Info-box-wrap-4873 .aio-icon-title'  data-responsive-json-new='{\"font-size\":\"\",\"line-height\":\"\"}'  style=\"\">Compra asequible de componentes adicionales a trav\u00e9s de INTELMAN<\/h5><\/div> <!-- header --><\/div> <!-- aio-icon-box --><\/div> <!-- aio-icon-component --><div class=\"ult-spacer spacer-69f74e1dc0d29\" data-id=\"69f74e1dc0d29\" data-height=\"25\" data-height-mobile=\"25\" data-height-tab=\"25\" data-height-tab-portrait=\"\" data-height-mobile-landscape=\"\" style=\"clear:both;display:block;\"><\/div>[\/vc_column][\/vc_row][vc_row full_width_row=\u00bbtrue\u00bb][vc_column css=\u00bb.vc_custom_1498574979385{padding-top: 70px !important;padding-bottom: 70px !important;}\u00bb][rev_slider slidertitle=\u00bbIntelman 1 1 1 1&#8243; alias=\u00bbintelman-1-1-1-1&#8243;][\/vc_column][\/vc_row][vc_row margin_top=\u00bb-30&#8243;][vc_column width=\u00bb1\/6&#8243; css=\u00bb.vc_custom_1585248542934{padding-top: 70px !important;padding-bottom: 70px !important;}\u00bb][\/vc_column][vc_column width=\u00bb2\/3&#8243;]<div class=\"dt-fancy-separator h4-size title-color\" style=\"width: 100%;\"><div class=\"dt-fancy-title\"><span class=\"separator-holder separator-left\" style=\"border-color: #004266;\"><\/span>FORMACION<span class=\"separator-holder separator-right\" style=\"border-color: #004266;\"><\/span><\/div><\/div><div class=\"ult-spacer spacer-69f74e1dc0d4f\" data-id=\"69f74e1dc0d4f\" data-height=\"25\" data-height-mobile=\"25\" data-height-tab=\"25\" data-height-tab-portrait=\"\" data-height-mobile-landscape=\"\" style=\"clear:both;display:block;\"><\/div>[vc_column_text]<\/p>\n<h5>Nuestros cursos de capacitaci\u00f3n para soluciones de sistemas ofrecen un amplio conocimiento en el funcionamiento y mantenimiento de nuestras m\u00e1quinas para garantizar un uso optimizado en sus instalaciones de fabricaci\u00f3n.<\/h5>\n<h5>Desde la operaci\u00f3n de la m\u00e1quina hasta el servicio y el mantenimiento, nuestros cursos capacitan en las habilidades requeridas para toda la gama de productos. Y se pueden adaptar para satisfacer sus necesidades particulares.<\/h5>\n<p>[\/vc_column_text][\/vc_column][vc_column width=\u00bb1\/6&#8243;][\/vc_column][\/vc_row][vc_row margin_top=\u00bb50&#8243;][vc_column width=\u00bb1\/5&#8243; css=\u00bb.vc_custom_1585248542934{padding-top: 70px !important;padding-bottom: 70px !important;}\u00bb][\/vc_column][vc_column width=\u00bb4\/5&#8243;]<div class=\"aio-icon-component    style_1\"><div id=\"Info-box-wrap-1957\" class=\"aio-icon-box default-icon\" style=\"\"  ><div class=\"aio-icon-default\"><div class=\"ult-just-icon-wrapper  \"><div class=\"align-icon\" style=\"text-align:center;\">\n<div class=\"aio-icon none \"  style=\"color:#0c5d9b;font-size:20px;display:inline-block;\">\n\t<i class=\"icomoon-icomoonfree-16x16-radio-checked\"><\/i>\n<\/div><\/div><\/div><\/div><div class=\"aio-icon-header\" ><h6 class=\"aio-icon-title ult-responsive\"  data-ultimate-target='#Info-box-wrap-1957 .aio-icon-title'  data-responsive-json-new='{\"font-size\":\"\",\"line-height\":\"\"}'  style=\"\">Formaci\u00f3n especifica para uso y mantenimiento de maquinas.<\/h6><\/div> <!-- header --><\/div> <!-- aio-icon-box --><\/div> <!-- aio-icon-component --><div class=\"aio-icon-component    style_1\"><div id=\"Info-box-wrap-1323\" class=\"aio-icon-box default-icon\" style=\"\"  ><div class=\"aio-icon-default\"><div class=\"ult-just-icon-wrapper  \"><div class=\"align-icon\" style=\"text-align:center;\">\n<div class=\"aio-icon none \"  style=\"color:#0c5d9b;font-size:20px;display:inline-block;\">\n\t<i class=\"icomoon-icomoonfree-16x16-radio-checked\"><\/i>\n<\/div><\/div><\/div><\/div><div class=\"aio-icon-header\" ><h6 class=\"aio-icon-title ult-responsive\"  data-ultimate-target='#Info-box-wrap-1323 .aio-icon-title'  data-responsive-json-new='{\"font-size\":\"\",\"line-height\":\"\"}'  style=\"\">Formaci\u00f3n en programaci\u00f3n ( PLC, CNC, Software industrial ).<\/h6><\/div> <!-- header --><\/div> <!-- aio-icon-box --><\/div> <!-- aio-icon-component --><div class=\"aio-icon-component    style_1\"><div id=\"Info-box-wrap-4229\" class=\"aio-icon-box default-icon\" style=\"\"  ><div class=\"aio-icon-default\"><div class=\"ult-just-icon-wrapper  \"><div class=\"align-icon\" style=\"text-align:center;\">\n<div class=\"aio-icon none \"  style=\"color:#0c5d9b;font-size:20px;display:inline-block;\">\n\t<i class=\"icomoon-icomoonfree-16x16-radio-checked\"><\/i>\n<\/div><\/div><\/div><\/div><div class=\"aio-icon-header\" ><h6 class=\"aio-icon-title ult-responsive\"  data-ultimate-target='#Info-box-wrap-4229 .aio-icon-title'  data-responsive-json-new='{\"font-size\":\"\",\"line-height\":\"\"}'  style=\"\">Formaci\u00f3n procesos l\u00e1ser (Marking, Cutting, Welding).<\/h6><\/div> <!-- header --><\/div> <!-- aio-icon-box --><\/div> <!-- aio-icon-component --><div class=\"ult-spacer spacer-69f74e1dc0e75\" data-id=\"69f74e1dc0e75\" data-height=\"50\" data-height-mobile=\"50\" data-height-tab=\"50\" data-height-tab-portrait=\"\" data-height-mobile-landscape=\"\" style=\"clear:both;display:block;\"><\/div>[\/vc_column][\/vc_row][vc_row type=\u00bbvc_default\u00bb][vc_column][vc_separator color=\u00bbcustom\u00bb accent_color=\u00bb#0d3f5b\u00bb][\/vc_column][\/vc_row]<\/p>\n<\/section>","protected":false},"excerpt":{"rendered":"<p>[vc_row margin_top=\u00bb50&#8243;][vc_column width=\u00bb1\/6&#8243; css=\u00bb.vc_custom_1585248542934{padding-top: 70px !important;padding-bottom: 70px !important;}\u00bb][\/vc_column][vc_column width=\u00bb2\/3&#8243;][vc_column_text] En todo el mundo, nuestros clientes est\u00e1n produciendo productos en sistemas complejos que cumplen con los requisitos m\u00e1s exigentes. Hacemos todo lo posible para apoyar a nuestros clientes tambi\u00e9n en t\u00e9rminos de servicio. Con el fin de satisfacer las necesidades de nuestros clientes internacionales en t\u00e9rminos&hellip;<\/p>\n","protected":false},"author":1,"featured_media":0,"parent":0,"menu_order":500,"comment_status":"closed","ping_status":"closed","template":"","meta":{"footnotes":""},"class_list":["post-11","page","type-page","status-publish","hentry","description-off"],"_links":{"self":[{"href":"https:\/\/intelman.eu\/index.php?rest_route=\/wp\/v2\/pages\/11","targetHints":{"allow":["GET"]}}],"collection":[{"href":"https:\/\/intelman.eu\/index.php?rest_route=\/wp\/v2\/pages"}],"about":[{"href":"https:\/\/intelman.eu\/index.php?rest_route=\/wp\/v2\/types\/page"}],"author":[{"embeddable":true,"href":"https:\/\/intelman.eu\/index.php?rest_route=\/wp\/v2\/users\/1"}],"replies":[{"embeddable":true,"href":"https:\/\/intelman.eu\/index.php?rest_route=%2Fwp%2Fv2%2Fcomments&post=11"}],"version-history":[{"count":144,"href":"https:\/\/intelman.eu\/index.php?rest_route=\/wp\/v2\/pages\/11\/revisions"}],"predecessor-version":[{"id":3152,"href":"https:\/\/intelman.eu\/index.php?rest_route=\/wp\/v2\/pages\/11\/revisions\/3152"}],"wp:attachment":[{"href":"https:\/\/intelman.eu\/index.php?rest_route=%2Fwp%2Fv2%2Fmedia&parent=11"}],"curies":[{"name":"wp","href":"https:\/\/api.w.org\/{rel}","templated":true}]}}